{"id":150,"date":"2025-02-24T00:02:41","date_gmt":"2025-02-23T23:02:41","guid":{"rendered":"https:\/\/aportee2voix.fr\/?page_id=150"},"modified":"2025-04-04T08:36:06","modified_gmt":"2025-04-04T06:36:06","slug":"sur-mesure","status":"publish","type":"page","link":"https:\/\/aportee2voix.fr\/index.php\/sur-mesure\/","title":{"rendered":"Sur Mesure"},"content":{"rendered":"\t\t<div data-elementor-type=\"wp-page\" data-elementor-id=\"150\" class=\"elementor elementor-150\">\n\t\t\t\t<div class=\"has_eae_slider elementor-element elementor-element-dc611be e-flex e-con-boxed e-con e-parent\" data-eae-slider=\"67097\" data-id=\"dc611be\" data-element_type=\"container\">\n\t\t\t\t\t<div class=\"e-con-inner\">\n\t\t\t\t<div class=\"elementor-element elementor-element-4d2be7e elementor-widget elementor-widget-heading\" data-id=\"4d2be7e\" data-element_type=\"widget\" data-widget_type=\"heading.default\">\n\t\t\t\t<div class=\"elementor-widget-container\">\n\t\t\t\t\t<h2 class=\"elementor-heading-title elementor-size-default\">C'est vous qui d\u00e9cidez...<\/h2>\t\t\t\t<\/div>\n\t\t\t\t<\/div>\n\t\t\t\t<div class=\"elementor-element elementor-element-5c264aa elementor-widget elementor-widget-text-editor\" data-id=\"5c264aa\" data-element_type=\"widget\" data-widget_type=\"text-editor.default\">\n\t\t\t\t<div class=\"elementor-widget-container\">\n\t\t\t\t\t\t\t\t\t<p>Vous souhaitez faire d\u00e9couvrir un livre, mettre un(e) auteur(e) \u00e0 l&#8217;honneur,\u00a0 d\u00e9velopper une th\u00e9matique ?<\/p><p>Cela tombe bien car la <a href=\"https:\/\/www.aportee2voix.fr\"><i>Cie A Port\u00e9e 2 Voix<\/i><\/a> est \u00e9galement friande<b> <\/b>de <a href=\"https:\/\/aportee2voix.fr\/index.php\/sur-mesure\/\"><b>cr\u00e9ations sur mesure<\/b><\/a> ! Et saura mettre tout son savoir-faire et sa complicit\u00e9 au service de votre <b>\u00e9v\u00e8nement litt\u00e9raire ou culturel <\/b>(salon du livre, remise de prix, exposition&#8230;).<\/p>\t\t\t\t\t\t\t\t<\/div>\n\t\t\t\t<\/div>\n\t\t\t\t\t<\/div>\n\t\t\t\t<\/div>\n\t\t<div class=\"has_eae_slider elementor-element elementor-element-e73fcbe e-grid e-con-boxed e-con e-parent\" data-eae-slider=\"13275\" data-id=\"e73fcbe\" data-element_type=\"container\">\n\t\t\t\t\t<div class=\"e-con-inner\">\n\t\t\t\t<div class=\"elementor-element elementor-element-143156d elementor-widget elementor-widget-video\" data-id=\"143156d\" data-element_type=\"widget\" data-settings=\"{&quot;youtube_url&quot;:&quot;https:\\\/\\\/youtu.be\\\/biS88Xrr7eI?si=pXDa5jRnF93_qmGw&quot;,&quot;video_type&quot;:&quot;youtube&quot;,&quot;controls&quot;:&quot;yes&quot;}\" data-widget_type=\"video.default\">\n\t\t\t\t<div class=\"elementor-widget-container\">\n\t\t\t\t\t\t\t<div class=\"elementor-wrapper elementor-open-inline\">\n\t\t\t<div class=\"elementor-video\"><\/div>\t\t<\/div>\n\t\t\t\t\t\t<\/div>\n\t\t\t\t<\/div>\n\t\t\t\t<div class=\"elementor-element elementor-element-78669eb elementor-widget elementor-widget-video\" data-id=\"78669eb\" data-element_type=\"widget\" data-settings=\"{&quot;youtube_url&quot;:&quot;https:\\\/\\\/www.youtube.com\\\/watch?v=VDyEZc5yLok&amp;ab_channel=APort%C3%A9e2Voixspectaclepo%C3%A9tico-musical&quot;,&quot;video_type&quot;:&quot;youtube&quot;,&quot;controls&quot;:&quot;yes&quot;}\" data-widget_type=\"video.default\">\n\t\t\t\t<div class=\"elementor-widget-container\">\n\t\t\t\t\t\t\t<div class=\"elementor-wrapper elementor-open-inline\">\n\t\t\t<div class=\"elementor-video\"><\/div>\t\t<\/div>\n\t\t\t\t\t\t<\/div>\n\t\t\t\t<\/div>\n\t\t\t\t\t<\/div>\n\t\t\t\t<\/div>\n\t\t\t\t<\/div>\n\t\t","protected":false},"excerpt":{"rendered":"<p>C&#8217;est vous qui d\u00e9cidez&#8230; Vous souhaitez faire d\u00e9couvrir un livre, mettre un(e) auteur(e) \u00e0 l&#8217;honneur,\u00a0 [&hellip;]<\/p>\n","protected":false},"author":1,"featured_media":51,"parent":0,"menu_order":0,"comment_status":"closed","ping_status":"closed","template":"","meta":{"footnotes":""},"class_list":["post-150","page","type-page","status-publish","has-post-thumbnail","hentry"],"yoast_head":"<!-- This site is optimized with the Yoast SEO plugin v26.5 - https:\/\/yoast.com\/wordpress\/plugins\/seo\/ -->\n<title>Sur Mesure - A Port\u00e9e 2 Voix<\/title>\n<meta name=\"description\" content=\"Spectacle Sur Mesure - A Port\u00e9e 2 Voix - C&#039;est vous qui d\u00e9cidez. Vous souhaitez faire d\u00e9couvrir un livre, mettre un(e) auteur(e) \u00e0 l&#039;honneur?\" \/>\n<meta name=\"robots\" content=\"index, follow, max-snippet:-1, max-image-preview:large, max-video-preview:-1\" \/>\n<link rel=\"canonical\" href=\"https:\/\/aportee2voix.fr\/index.php\/sur-mesure\/\" \/>\n<meta property=\"og:locale\" content=\"en_US\" \/>\n<meta property=\"og:type\" content=\"article\" \/>\n<meta property=\"og:title\" content=\"Sur Mesure - A Port\u00e9e 2 Voix\" \/>\n<meta property=\"og:description\" content=\"Spectacle Sur Mesure - A Port\u00e9e 2 Voix - C&#039;est vous qui d\u00e9cidez. Vous souhaitez faire d\u00e9couvrir un livre, mettre un(e) auteur(e) \u00e0 l&#039;honneur?\" \/>\n<meta property=\"og:url\" content=\"https:\/\/aportee2voix.fr\/index.php\/sur-mesure\/\" \/>\n<meta property=\"og:site_name\" content=\"A Port\u00e9e 2 Voix\" \/>\n<meta property=\"article:modified_time\" content=\"2025-04-04T06:36:06+00:00\" \/>\n<meta property=\"og:image\" content=\"http:\/\/aportee2voix.fr\/wp-content\/uploads\/2025\/02\/PC110565.png\" \/>\n\t<meta property=\"og:image:width\" content=\"1024\" \/>\n\t<meta property=\"og:image:height\" content=\"682\" \/>\n\t<meta property=\"og:image:type\" content=\"image\/png\" \/>\n<meta name=\"twitter:card\" content=\"summary_large_image\" \/>\n<meta name=\"twitter:label1\" content=\"Est. reading time\" \/>\n\t<meta name=\"twitter:data1\" content=\"1 minute\" \/>\n<script type=\"application\/ld+json\" class=\"yoast-schema-graph\">{\"@context\":\"https:\/\/schema.org\",\"@graph\":[{\"@type\":\"WebPage\",\"@id\":\"https:\/\/aportee2voix.fr\/index.php\/sur-mesure\/\",\"url\":\"https:\/\/aportee2voix.fr\/index.php\/sur-mesure\/\",\"name\":\"Sur Mesure - A Port\u00e9e 2 Voix\",\"isPartOf\":{\"@id\":\"https:\/\/aportee2voix.fr\/#website\"},\"primaryImageOfPage\":{\"@id\":\"https:\/\/aportee2voix.fr\/index.php\/sur-mesure\/#primaryimage\"},\"image\":{\"@id\":\"https:\/\/aportee2voix.fr\/index.php\/sur-mesure\/#primaryimage\"},\"thumbnailUrl\":\"https:\/\/aportee2voix.fr\/wp-content\/uploads\/2025\/02\/PC110565.png\",\"datePublished\":\"2025-02-23T23:02:41+00:00\",\"dateModified\":\"2025-04-04T06:36:06+00:00\",\"description\":\"Spectacle Sur Mesure - A Port\u00e9e 2 Voix - C'est vous qui d\u00e9cidez. Vous souhaitez faire d\u00e9couvrir un livre, mettre un(e) auteur(e) \u00e0 l'honneur?\",\"breadcrumb\":{\"@id\":\"https:\/\/aportee2voix.fr\/index.php\/sur-mesure\/#breadcrumb\"},\"inLanguage\":\"en-US\",\"potentialAction\":[{\"@type\":\"ReadAction\",\"target\":[\"https:\/\/aportee2voix.fr\/index.php\/sur-mesure\/\"]}]},{\"@type\":\"ImageObject\",\"inLanguage\":\"en-US\",\"@id\":\"https:\/\/aportee2voix.fr\/index.php\/sur-mesure\/#primaryimage\",\"url\":\"https:\/\/aportee2voix.fr\/wp-content\/uploads\/2025\/02\/PC110565.png\",\"contentUrl\":\"https:\/\/aportee2voix.fr\/wp-content\/uploads\/2025\/02\/PC110565.png\",\"width\":1024,\"height\":682,\"caption\":\"Des Mots Pour Tous\"},{\"@type\":\"BreadcrumbList\",\"@id\":\"https:\/\/aportee2voix.fr\/index.php\/sur-mesure\/#breadcrumb\",\"itemListElement\":[{\"@type\":\"ListItem\",\"position\":1,\"name\":\"Accueil\",\"item\":\"https:\/\/aportee2voix.fr\/\"},{\"@type\":\"ListItem\",\"position\":2,\"name\":\"Sur Mesure\"}]},{\"@type\":\"WebSite\",\"@id\":\"https:\/\/aportee2voix.fr\/#website\",\"url\":\"https:\/\/aportee2voix.fr\/\",\"name\":\"A Port\u00e9e 2 Voix\",\"description\":\"Mots en Chair et en Notes !\",\"publisher\":{\"@id\":\"https:\/\/aportee2voix.fr\/#organization\"},\"potentialAction\":[{\"@type\":\"SearchAction\",\"target\":{\"@type\":\"EntryPoint\",\"urlTemplate\":\"https:\/\/aportee2voix.fr\/?s={search_term_string}\"},\"query-input\":{\"@type\":\"PropertyValueSpecification\",\"valueRequired\":true,\"valueName\":\"search_term_string\"}}],\"inLanguage\":\"en-US\"},{\"@type\":\"Organization\",\"@id\":\"https:\/\/aportee2voix.fr\/#organization\",\"name\":\"A Port\u00e9e 2 Voix\",\"url\":\"https:\/\/aportee2voix.fr\/\",\"logo\":{\"@type\":\"ImageObject\",\"inLanguage\":\"en-US\",\"@id\":\"https:\/\/aportee2voix.fr\/#\/schema\/logo\/image\/\",\"url\":\"https:\/\/aportee2voix.fr\/wp-content\/uploads\/2025\/02\/cropped-Affiche-AP2V-01-01-1.png\",\"contentUrl\":\"https:\/\/aportee2voix.fr\/wp-content\/uploads\/2025\/02\/cropped-Affiche-AP2V-01-01-1.png\",\"width\":1246,\"height\":410,\"caption\":\"A Port\u00e9e 2 Voix\"},\"image\":{\"@id\":\"https:\/\/aportee2voix.fr\/#\/schema\/logo\/image\/\"}}]}<\/script>\n<!-- \/ Yoast SEO plugin. -->","yoast_head_json":{"title":"Sur Mesure - A Port\u00e9e 2 Voix","description":"Spectacle Sur Mesure - A Port\u00e9e 2 Voix - C'est vous qui d\u00e9cidez. Vous souhaitez faire d\u00e9couvrir un livre, mettre un(e) auteur(e) \u00e0 l'honneur?","robots":{"index":"index","follow":"follow","max-snippet":"max-snippet:-1","max-image-preview":"max-image-preview:large","max-video-preview":"max-video-preview:-1"},"canonical":"https:\/\/aportee2voix.fr\/index.php\/sur-mesure\/","og_locale":"en_US","og_type":"article","og_title":"Sur Mesure - A Port\u00e9e 2 Voix","og_description":"Spectacle Sur Mesure - A Port\u00e9e 2 Voix - C'est vous qui d\u00e9cidez. Vous souhaitez faire d\u00e9couvrir un livre, mettre un(e) auteur(e) \u00e0 l'honneur?","og_url":"https:\/\/aportee2voix.fr\/index.php\/sur-mesure\/","og_site_name":"A Port\u00e9e 2 Voix","article_modified_time":"2025-04-04T06:36:06+00:00","og_image":[{"width":1024,"height":682,"url":"http:\/\/aportee2voix.fr\/wp-content\/uploads\/2025\/02\/PC110565.png","type":"image\/png"}],"twitter_card":"summary_large_image","twitter_misc":{"Est. reading time":"1 minute"},"schema":{"@context":"https:\/\/schema.org","@graph":[{"@type":"WebPage","@id":"https:\/\/aportee2voix.fr\/index.php\/sur-mesure\/","url":"https:\/\/aportee2voix.fr\/index.php\/sur-mesure\/","name":"Sur Mesure - A Port\u00e9e 2 Voix","isPartOf":{"@id":"https:\/\/aportee2voix.fr\/#website"},"primaryImageOfPage":{"@id":"https:\/\/aportee2voix.fr\/index.php\/sur-mesure\/#primaryimage"},"image":{"@id":"https:\/\/aportee2voix.fr\/index.php\/sur-mesure\/#primaryimage"},"thumbnailUrl":"https:\/\/aportee2voix.fr\/wp-content\/uploads\/2025\/02\/PC110565.png","datePublished":"2025-02-23T23:02:41+00:00","dateModified":"2025-04-04T06:36:06+00:00","description":"Spectacle Sur Mesure - A Port\u00e9e 2 Voix - C'est vous qui d\u00e9cidez. Vous souhaitez faire d\u00e9couvrir un livre, mettre un(e) auteur(e) \u00e0 l'honneur?","breadcrumb":{"@id":"https:\/\/aportee2voix.fr\/index.php\/sur-mesure\/#breadcrumb"},"inLanguage":"en-US","potentialAction":[{"@type":"ReadAction","target":["https:\/\/aportee2voix.fr\/index.php\/sur-mesure\/"]}]},{"@type":"ImageObject","inLanguage":"en-US","@id":"https:\/\/aportee2voix.fr\/index.php\/sur-mesure\/#primaryimage","url":"https:\/\/aportee2voix.fr\/wp-content\/uploads\/2025\/02\/PC110565.png","contentUrl":"https:\/\/aportee2voix.fr\/wp-content\/uploads\/2025\/02\/PC110565.png","width":1024,"height":682,"caption":"Des Mots Pour Tous"},{"@type":"BreadcrumbList","@id":"https:\/\/aportee2voix.fr\/index.php\/sur-mesure\/#breadcrumb","itemListElement":[{"@type":"ListItem","position":1,"name":"Accueil","item":"https:\/\/aportee2voix.fr\/"},{"@type":"ListItem","position":2,"name":"Sur Mesure"}]},{"@type":"WebSite","@id":"https:\/\/aportee2voix.fr\/#website","url":"https:\/\/aportee2voix.fr\/","name":"A Port\u00e9e 2 Voix","description":"Mots en Chair et en Notes !","publisher":{"@id":"https:\/\/aportee2voix.fr\/#organization"},"potentialAction":[{"@type":"SearchAction","target":{"@type":"EntryPoint","urlTemplate":"https:\/\/aportee2voix.fr\/?s={search_term_string}"},"query-input":{"@type":"PropertyValueSpecification","valueRequired":true,"valueName":"search_term_string"}}],"inLanguage":"en-US"},{"@type":"Organization","@id":"https:\/\/aportee2voix.fr\/#organization","name":"A Port\u00e9e 2 Voix","url":"https:\/\/aportee2voix.fr\/","logo":{"@type":"ImageObject","inLanguage":"en-US","@id":"https:\/\/aportee2voix.fr\/#\/schema\/logo\/image\/","url":"https:\/\/aportee2voix.fr\/wp-content\/uploads\/2025\/02\/cropped-Affiche-AP2V-01-01-1.png","contentUrl":"https:\/\/aportee2voix.fr\/wp-content\/uploads\/2025\/02\/cropped-Affiche-AP2V-01-01-1.png","width":1246,"height":410,"caption":"A Port\u00e9e 2 Voix"},"image":{"@id":"https:\/\/aportee2voix.fr\/#\/schema\/logo\/image\/"}}]}},"_links":{"self":[{"href":"https:\/\/aportee2voix.fr\/index.php\/wp-json\/wp\/v2\/pages\/150","targetHints":{"allow":["GET"]}}],"collection":[{"href":"https:\/\/aportee2voix.fr\/index.php\/wp-json\/wp\/v2\/pages"}],"about":[{"href":"https:\/\/aportee2voix.fr\/index.php\/wp-json\/wp\/v2\/types\/page"}],"author":[{"embeddable":true,"href":"https:\/\/aportee2voix.fr\/index.php\/wp-json\/wp\/v2\/users\/1"}],"replies":[{"embeddable":true,"href":"https:\/\/aportee2voix.fr\/index.php\/wp-json\/wp\/v2\/comments?post=150"}],"version-history":[{"count":36,"href":"https:\/\/aportee2voix.fr\/index.php\/wp-json\/wp\/v2\/pages\/150\/revisions"}],"predecessor-version":[{"id":1279,"href":"https:\/\/aportee2voix.fr\/index.php\/wp-json\/wp\/v2\/pages\/150\/revisions\/1279"}],"wp:featuredmedia":[{"embeddable":true,"href":"https:\/\/aportee2voix.fr\/index.php\/wp-json\/wp\/v2\/media\/51"}],"wp:attachment":[{"href":"https:\/\/aportee2voix.fr\/index.php\/wp-json\/wp\/v2\/media?parent=150"}],"curies":[{"name":"wp","href":"https:\/\/api.w.org\/{rel}","templated":true}]}}