{"id":151,"date":"2025-02-24T00:02:41","date_gmt":"2025-02-23T23:02:41","guid":{"rendered":"https:\/\/aportee2voix.fr\/?page_id=151"},"modified":"2025-04-06T16:52:02","modified_gmt":"2025-04-06T14:52:02","slug":"crieur-public","status":"publish","type":"page","link":"https:\/\/aportee2voix.fr\/index.php\/crieur-public\/","title":{"rendered":"Crieur Public"},"content":{"rendered":"\t\t<div data-elementor-type=\"wp-page\" data-elementor-id=\"151\" class=\"elementor elementor-151\">\n\t\t\t\t<div class=\"has_eae_slider elementor-element elementor-element-6b657b2 e-con-full e-flex e-con e-parent\" data-eae-slider=\"72932\" data-id=\"6b657b2\" data-element_type=\"container\">\n\t\t\t\t<div class=\"elementor-element elementor-element-dc2bacb elementor-widget-mobile__width-initial elementor-widget elementor-widget-heading\" data-id=\"dc2bacb\" data-element_type=\"widget\" data-widget_type=\"heading.default\">\n\t\t\t\t<div class=\"elementor-widget-container\">\n\t\t\t\t\t<h2 class=\"elementor-heading-title elementor-size-default\">Partagez-nous vos mots...<\/h2>\t\t\t\t<\/div>\n\t\t\t\t<\/div>\n\t\t\t\t<div class=\"elementor-element elementor-element-9c9a48f elementor-widget elementor-widget-text-editor\" data-id=\"9c9a48f\" data-element_type=\"widget\" data-widget_type=\"text-editor.default\">\n\t\t\t\t<div class=\"elementor-widget-container\">\n\t\t\t\t\t\t\t\t\t<p>Ce projet s\u2019inspire du Crieur Public de la Croix Rousse de Lyon et de son initiative le \u00abMinist\u00e8re des rapports humains\u00bb.<\/p><p>La \u00abCri\u00e9e\u00bb vise \u00e0 stimuler la parole et l\u2019expression des habitants d\u2019un territoire sur des sujets qui les pr\u00e9occupent ou qu\u2019ils aimeraient partager : coup de c\u0153ur ou coup de gueule, petite annonce ou grande d\u00e9claration, faire part, \u00e9change, bonnes adresses, recettes de cuisines etc, recueillies en amont dans une boite aux lettres d\u00e9di\u00e9e. Paroles et informations que la Cie A Port\u00e9e 2 Voix se chargera de diffuser, toujours avec humour, po\u00e9sie et musique pour mieux la servir&#8230;<\/p><p>Nos objectifs :<\/p><ul><li>Offrir un m\u00e9dia \u00e0 la parole publique pour renforcer la d\u00e9mocratie locale et directe en valorisant la parole de tous et la citoyennet\u00e9.<\/li><li>Cr\u00e9er un rendez-vous pour d\u00e9velopper les liens sociaux, les rapports humains et la convivialit\u00e9 entre les habitants des quartiers.<\/li><li>Faire vivre certains quartiers excentr\u00e9s.<\/li><li>Mettre en lien les structures culturelles, les \u00e9v\u00e9nements, les associations, les habitants.<\/li><li>Diffuser l\u2019agenda de la ville qui accueille les Cri\u00e9es.<\/li><\/ul>\t\t\t\t\t\t\t\t<\/div>\n\t\t\t\t<\/div>\n\t\t\t\t<\/div>\n\t\t\t\t<\/div>\n\t\t","protected":false},"excerpt":{"rendered":"<p>Partagez-nous vos mots&#8230; Ce projet s\u2019inspire du Crieur Public de la Croix Rousse de Lyon [&hellip;]<\/p>\n","protected":false},"author":1,"featured_media":1312,"parent":0,"menu_order":0,"comment_status":"closed","ping_status":"closed","template":"","meta":{"footnotes":""},"class_list":["post-151","page","type-page","status-publish","has-post-thumbnail","hentry"],"yoast_head":"<!-- This site is optimized with the Yoast SEO plugin v26.5 - https:\/\/yoast.com\/wordpress\/plugins\/seo\/ -->\n<title>Crieur Public - A Port\u00e9e 2 Voix<\/title>\n<meta name=\"robots\" content=\"index, follow, max-snippet:-1, max-image-preview:large, max-video-preview:-1\" \/>\n<link rel=\"canonical\" href=\"https:\/\/aportee2voix.fr\/index.php\/crieur-public\/\" \/>\n<meta property=\"og:locale\" content=\"en_US\" \/>\n<meta property=\"og:type\" content=\"article\" \/>\n<meta property=\"og:title\" content=\"Crieur Public - A Port\u00e9e 2 Voix\" \/>\n<meta property=\"og:description\" content=\"Partagez-nous vos mots&#8230; Ce projet s\u2019inspire du Crieur Public de la Croix Rousse de Lyon [&hellip;]\" \/>\n<meta property=\"og:url\" content=\"https:\/\/aportee2voix.fr\/index.php\/crieur-public\/\" \/>\n<meta property=\"og:site_name\" content=\"A Port\u00e9e 2 Voix\" \/>\n<meta property=\"article:modified_time\" content=\"2025-04-06T14:52:02+00:00\" \/>\n<meta property=\"og:image\" content=\"http:\/\/aportee2voix.fr\/wp-content\/uploads\/2025\/04\/AP2N-CrieurPublic-01-1.png\" \/>\n\t<meta property=\"og:image:width\" content=\"2033\" \/>\n\t<meta property=\"og:image:height\" content=\"1048\" \/>\n\t<meta property=\"og:image:type\" content=\"image\/png\" \/>\n<meta name=\"twitter:card\" content=\"summary_large_image\" \/>\n<meta name=\"twitter:label1\" content=\"Est. reading time\" \/>\n\t<meta name=\"twitter:data1\" content=\"2 minutes\" \/>\n<script type=\"application\/ld+json\" class=\"yoast-schema-graph\">{\"@context\":\"https:\/\/schema.org\",\"@graph\":[{\"@type\":\"WebPage\",\"@id\":\"https:\/\/aportee2voix.fr\/index.php\/crieur-public\/\",\"url\":\"https:\/\/aportee2voix.fr\/index.php\/crieur-public\/\",\"name\":\"Crieur Public - A Port\u00e9e 2 Voix\",\"isPartOf\":{\"@id\":\"https:\/\/aportee2voix.fr\/#website\"},\"primaryImageOfPage\":{\"@id\":\"https:\/\/aportee2voix.fr\/index.php\/crieur-public\/#primaryimage\"},\"image\":{\"@id\":\"https:\/\/aportee2voix.fr\/index.php\/crieur-public\/#primaryimage\"},\"thumbnailUrl\":\"https:\/\/aportee2voix.fr\/wp-content\/uploads\/2025\/04\/AP2N-CrieurPublic-01-1.png\",\"datePublished\":\"2025-02-23T23:02:41+00:00\",\"dateModified\":\"2025-04-06T14:52:02+00:00\",\"breadcrumb\":{\"@id\":\"https:\/\/aportee2voix.fr\/index.php\/crieur-public\/#breadcrumb\"},\"inLanguage\":\"en-US\",\"potentialAction\":[{\"@type\":\"ReadAction\",\"target\":[\"https:\/\/aportee2voix.fr\/index.php\/crieur-public\/\"]}]},{\"@type\":\"ImageObject\",\"inLanguage\":\"en-US\",\"@id\":\"https:\/\/aportee2voix.fr\/index.php\/crieur-public\/#primaryimage\",\"url\":\"https:\/\/aportee2voix.fr\/wp-content\/uploads\/2025\/04\/AP2N-CrieurPublic-01-1.png\",\"contentUrl\":\"https:\/\/aportee2voix.fr\/wp-content\/uploads\/2025\/04\/AP2N-CrieurPublic-01-1.png\",\"width\":2033,\"height\":1048},{\"@type\":\"BreadcrumbList\",\"@id\":\"https:\/\/aportee2voix.fr\/index.php\/crieur-public\/#breadcrumb\",\"itemListElement\":[{\"@type\":\"ListItem\",\"position\":1,\"name\":\"Accueil\",\"item\":\"https:\/\/aportee2voix.fr\/\"},{\"@type\":\"ListItem\",\"position\":2,\"name\":\"Crieur Public\"}]},{\"@type\":\"WebSite\",\"@id\":\"https:\/\/aportee2voix.fr\/#website\",\"url\":\"https:\/\/aportee2voix.fr\/\",\"name\":\"A Port\u00e9e 2 Voix\",\"description\":\"Mots en Chair et en Notes !\",\"publisher\":{\"@id\":\"https:\/\/aportee2voix.fr\/#organization\"},\"potentialAction\":[{\"@type\":\"SearchAction\",\"target\":{\"@type\":\"EntryPoint\",\"urlTemplate\":\"https:\/\/aportee2voix.fr\/?s={search_term_string}\"},\"query-input\":{\"@type\":\"PropertyValueSpecification\",\"valueRequired\":true,\"valueName\":\"search_term_string\"}}],\"inLanguage\":\"en-US\"},{\"@type\":\"Organization\",\"@id\":\"https:\/\/aportee2voix.fr\/#organization\",\"name\":\"A Port\u00e9e 2 Voix\",\"url\":\"https:\/\/aportee2voix.fr\/\",\"logo\":{\"@type\":\"ImageObject\",\"inLanguage\":\"en-US\",\"@id\":\"https:\/\/aportee2voix.fr\/#\/schema\/logo\/image\/\",\"url\":\"https:\/\/aportee2voix.fr\/wp-content\/uploads\/2025\/02\/cropped-Affiche-AP2V-01-01-1.png\",\"contentUrl\":\"https:\/\/aportee2voix.fr\/wp-content\/uploads\/2025\/02\/cropped-Affiche-AP2V-01-01-1.png\",\"width\":1246,\"height\":410,\"caption\":\"A Port\u00e9e 2 Voix\"},\"image\":{\"@id\":\"https:\/\/aportee2voix.fr\/#\/schema\/logo\/image\/\"}}]}<\/script>\n<!-- \/ Yoast SEO plugin. -->","yoast_head_json":{"title":"Crieur Public - A Port\u00e9e 2 Voix","robots":{"index":"index","follow":"follow","max-snippet":"max-snippet:-1","max-image-preview":"max-image-preview:large","max-video-preview":"max-video-preview:-1"},"canonical":"https:\/\/aportee2voix.fr\/index.php\/crieur-public\/","og_locale":"en_US","og_type":"article","og_title":"Crieur Public - A Port\u00e9e 2 Voix","og_description":"Partagez-nous vos mots&#8230; Ce projet s\u2019inspire du Crieur Public de la Croix Rousse de Lyon [&hellip;]","og_url":"https:\/\/aportee2voix.fr\/index.php\/crieur-public\/","og_site_name":"A Port\u00e9e 2 Voix","article_modified_time":"2025-04-06T14:52:02+00:00","og_image":[{"width":2033,"height":1048,"url":"http:\/\/aportee2voix.fr\/wp-content\/uploads\/2025\/04\/AP2N-CrieurPublic-01-1.png","type":"image\/png"}],"twitter_card":"summary_large_image","twitter_misc":{"Est. reading time":"2 minutes"},"schema":{"@context":"https:\/\/schema.org","@graph":[{"@type":"WebPage","@id":"https:\/\/aportee2voix.fr\/index.php\/crieur-public\/","url":"https:\/\/aportee2voix.fr\/index.php\/crieur-public\/","name":"Crieur Public - A Port\u00e9e 2 Voix","isPartOf":{"@id":"https:\/\/aportee2voix.fr\/#website"},"primaryImageOfPage":{"@id":"https:\/\/aportee2voix.fr\/index.php\/crieur-public\/#primaryimage"},"image":{"@id":"https:\/\/aportee2voix.fr\/index.php\/crieur-public\/#primaryimage"},"thumbnailUrl":"https:\/\/aportee2voix.fr\/wp-content\/uploads\/2025\/04\/AP2N-CrieurPublic-01-1.png","datePublished":"2025-02-23T23:02:41+00:00","dateModified":"2025-04-06T14:52:02+00:00","breadcrumb":{"@id":"https:\/\/aportee2voix.fr\/index.php\/crieur-public\/#breadcrumb"},"inLanguage":"en-US","potentialAction":[{"@type":"ReadAction","target":["https:\/\/aportee2voix.fr\/index.php\/crieur-public\/"]}]},{"@type":"ImageObject","inLanguage":"en-US","@id":"https:\/\/aportee2voix.fr\/index.php\/crieur-public\/#primaryimage","url":"https:\/\/aportee2voix.fr\/wp-content\/uploads\/2025\/04\/AP2N-CrieurPublic-01-1.png","contentUrl":"https:\/\/aportee2voix.fr\/wp-content\/uploads\/2025\/04\/AP2N-CrieurPublic-01-1.png","width":2033,"height":1048},{"@type":"BreadcrumbList","@id":"https:\/\/aportee2voix.fr\/index.php\/crieur-public\/#breadcrumb","itemListElement":[{"@type":"ListItem","position":1,"name":"Accueil","item":"https:\/\/aportee2voix.fr\/"},{"@type":"ListItem","position":2,"name":"Crieur Public"}]},{"@type":"WebSite","@id":"https:\/\/aportee2voix.fr\/#website","url":"https:\/\/aportee2voix.fr\/","name":"A Port\u00e9e 2 Voix","description":"Mots en Chair et en Notes !","publisher":{"@id":"https:\/\/aportee2voix.fr\/#organization"},"potentialAction":[{"@type":"SearchAction","target":{"@type":"EntryPoint","urlTemplate":"https:\/\/aportee2voix.fr\/?s={search_term_string}"},"query-input":{"@type":"PropertyValueSpecification","valueRequired":true,"valueName":"search_term_string"}}],"inLanguage":"en-US"},{"@type":"Organization","@id":"https:\/\/aportee2voix.fr\/#organization","name":"A Port\u00e9e 2 Voix","url":"https:\/\/aportee2voix.fr\/","logo":{"@type":"ImageObject","inLanguage":"en-US","@id":"https:\/\/aportee2voix.fr\/#\/schema\/logo\/image\/","url":"https:\/\/aportee2voix.fr\/wp-content\/uploads\/2025\/02\/cropped-Affiche-AP2V-01-01-1.png","contentUrl":"https:\/\/aportee2voix.fr\/wp-content\/uploads\/2025\/02\/cropped-Affiche-AP2V-01-01-1.png","width":1246,"height":410,"caption":"A Port\u00e9e 2 Voix"},"image":{"@id":"https:\/\/aportee2voix.fr\/#\/schema\/logo\/image\/"}}]}},"_links":{"self":[{"href":"https:\/\/aportee2voix.fr\/index.php\/wp-json\/wp\/v2\/pages\/151","targetHints":{"allow":["GET"]}}],"collection":[{"href":"https:\/\/aportee2voix.fr\/index.php\/wp-json\/wp\/v2\/pages"}],"about":[{"href":"https:\/\/aportee2voix.fr\/index.php\/wp-json\/wp\/v2\/types\/page"}],"author":[{"embeddable":true,"href":"https:\/\/aportee2voix.fr\/index.php\/wp-json\/wp\/v2\/users\/1"}],"replies":[{"embeddable":true,"href":"https:\/\/aportee2voix.fr\/index.php\/wp-json\/wp\/v2\/comments?post=151"}],"version-history":[{"count":26,"href":"https:\/\/aportee2voix.fr\/index.php\/wp-json\/wp\/v2\/pages\/151\/revisions"}],"predecessor-version":[{"id":1309,"href":"https:\/\/aportee2voix.fr\/index.php\/wp-json\/wp\/v2\/pages\/151\/revisions\/1309"}],"wp:featuredmedia":[{"embeddable":true,"href":"https:\/\/aportee2voix.fr\/index.php\/wp-json\/wp\/v2\/media\/1312"}],"wp:attachment":[{"href":"https:\/\/aportee2voix.fr\/index.php\/wp-json\/wp\/v2\/media?parent=151"}],"curies":[{"name":"wp","href":"https:\/\/api.w.org\/{rel}","templated":true}]}}