{"id":16,"date":"2025-02-19T16:39:01","date_gmt":"2025-02-19T15:39:01","guid":{"rendered":"http:\/\/aportee2voix.fr\/?page_id=16"},"modified":"2025-12-12T17:21:02","modified_gmt":"2025-12-12T16:21:02","slug":"a-portee-de-noel","status":"publish","type":"page","link":"https:\/\/aportee2voix.fr\/index.php\/a-portee-de-noel\/","title":{"rendered":"A Port\u00e9e 2 No\u00ebl"},"content":{"rendered":"\t\t<div data-elementor-type=\"wp-page\" data-elementor-id=\"16\" class=\"elementor elementor-16\">\n\t\t\t\t<div class=\"has_eae_slider elementor-element elementor-element-692f018 e-con-full e-flex e-con e-parent\" data-eae-slider=\"98646\" data-id=\"692f018\" data-element_type=\"container\">\n\t\t\t\t<div class=\"elementor-element elementor-element-f66db9c elementor-widget elementor-widget-heading\" data-id=\"f66db9c\" data-element_type=\"widget\" data-widget_type=\"heading.default\">\n\t\t\t\t<div class=\"elementor-widget-container\">\n\t\t\t\t\t<h2 class=\"elementor-heading-title elementor-size-default\">Des mots pour l\u2019hiver\n\n<\/h2>\t\t\t\t<\/div>\n\t\t\t\t<\/div>\n\t\t\t\t<div class=\"elementor-element elementor-element-cbfb97e elementor-widget elementor-widget-text-editor\" data-id=\"cbfb97e\" data-element_type=\"widget\" data-widget_type=\"text-editor.default\">\n\t\t\t\t<div class=\"elementor-widget-container\">\n\t\t\t\t\t\t\t\t\t<p><i><b>Sous un ciel poudr\u00e9 d\u2019\u00e9toiles, trois histoires se sont donn\u00e9 rendez-vous\u00a0<\/b>:<\/i><\/p><p><i><b>L<\/b>a premi\u00e8re file dans l\u2019air glac\u00e9 avant de s\u2019\u00e9craser dans tous les coins du monde. Entre un chien de tra\u00eeneau, un chameau du d\u00e9sert, un chat de campagne et m\u00eame un z\u00e8bre de savane, le P\u00e8re No\u00ebl n\u2019a jamais eu un \u00e9quipage aussi inattendu\u00a0 pour lui pr\u00eater main forte&#8230;<\/i><\/p><p><i><b>L<\/b>a deuxi\u00e8me s&#8217;allume au num\u00e9ro 3 de la rue de Paris, un immeuble o\u00f9 l\u2019on vit les uns sur les autres sans jamais se dire bonjour\u2026 jusqu\u2019au soir o\u00f9 le P\u00e8re No\u00ebl s\u2019y retrouve coinc\u00e9 dans l\u2019ascenseur. L\u00e0, tout s\u2019emballe : c\u00e2bles, g\u00e2teaux, ascenseurs et conversations !<\/i><\/p><p><i><b>L<\/b>a troisi\u00e8me, plus ancienne, sent la soupe de sorci\u00e8re et la tendresse retrouv\u00e9e :\u00a0Fariboulette\u00a0et Ri-Foin-Foin se disputent, se perdent, se cherchent\u2026 et finissent par s\u2019aimer de nouveau, au milieu d\u2019une mer de larmes et de rires.<\/i><\/p><p><b>Entre po\u00e9sie et humour, th\u00e9\u00e2tre et musique, &#8220;A Port\u00e9e 2 No\u00ebl&#8221; c\u00e9l\u00e8bre la douce folie des f\u00eates. Et nous rappelle que, m\u00eame perdus dans nos hivers, nous ne sommes jamais bien loin les uns des autres.<\/b><\/p><p><b>Spectacle familial \u00e0\u00a0partir de 6 ans<\/b><\/p><p>Dur\u00e9e: 30-40 min<\/p>\t\t\t\t\t\t\t\t<\/div>\n\t\t\t\t<\/div>\n\t\t\t\t<\/div>\n\t\t\t\t<\/div>\n\t\t","protected":false},"excerpt":{"rendered":"<p>Des mots pour l\u2019hiver Sous un ciel poudr\u00e9 d\u2019\u00e9toiles, trois histoires se sont donn\u00e9 rendez-vous\u00a0: [&hellip;]<\/p>\n","protected":false},"author":1,"featured_media":1175,"parent":0,"menu_order":0,"comment_status":"closed","ping_status":"closed","template":"","meta":{"footnotes":""},"class_list":["post-16","page","type-page","status-publish","has-post-thumbnail","hentry"],"yoast_head":"<!-- This site is optimized with the Yoast SEO plugin v26.5 - https:\/\/yoast.com\/wordpress\/plugins\/seo\/ -->\n<title>A Port\u00e9e 2 No\u00ebl - A Port\u00e9e 2 Voix<\/title>\n<meta name=\"description\" content=\"Spectacle - A Port\u00e9e 2 No\u00ebl - Des mots pour l\u2019hiver - A Port\u00e9e 2 Voix vous propose 4 contes pour vos f\u00eates de fin d\u2019ann\u00e9e. Une Cr\u00e9ation 2025!\" \/>\n<meta name=\"robots\" content=\"index, follow, max-snippet:-1, max-image-preview:large, max-video-preview:-1\" \/>\n<link rel=\"canonical\" href=\"https:\/\/aportee2voix.fr\/index.php\/a-portee-de-noel\/\" \/>\n<meta property=\"og:locale\" content=\"en_US\" \/>\n<meta property=\"og:type\" content=\"article\" \/>\n<meta property=\"og:title\" content=\"A Port\u00e9e 2 No\u00ebl - A Port\u00e9e 2 Voix\" \/>\n<meta property=\"og:description\" content=\"Spectacle - A Port\u00e9e 2 No\u00ebl - Des mots pour l\u2019hiver - A Port\u00e9e 2 Voix vous propose 4 contes pour vos f\u00eates de fin d\u2019ann\u00e9e. Une Cr\u00e9ation 2025!\" \/>\n<meta property=\"og:url\" content=\"https:\/\/aportee2voix.fr\/index.php\/a-portee-de-noel\/\" \/>\n<meta property=\"og:site_name\" content=\"A Port\u00e9e 2 Voix\" \/>\n<meta property=\"article:modified_time\" content=\"2025-12-12T16:21:02+00:00\" \/>\n<meta property=\"og:image\" content=\"http:\/\/aportee2voix.fr\/wp-content\/uploads\/2025\/04\/AP2N-04-03-1.png\" \/>\n\t<meta property=\"og:image:width\" content=\"2033\" \/>\n\t<meta property=\"og:image:height\" content=\"1048\" \/>\n\t<meta property=\"og:image:type\" content=\"image\/png\" \/>\n<meta name=\"twitter:card\" content=\"summary_large_image\" \/>\n<meta name=\"twitter:label1\" content=\"Est. reading time\" \/>\n\t<meta name=\"twitter:data1\" content=\"1 minute\" \/>\n<script type=\"application\/ld+json\" class=\"yoast-schema-graph\">{\"@context\":\"https:\/\/schema.org\",\"@graph\":[{\"@type\":\"WebPage\",\"@id\":\"https:\/\/aportee2voix.fr\/index.php\/a-portee-de-noel\/\",\"url\":\"https:\/\/aportee2voix.fr\/index.php\/a-portee-de-noel\/\",\"name\":\"A Port\u00e9e 2 No\u00ebl - A Port\u00e9e 2 Voix\",\"isPartOf\":{\"@id\":\"https:\/\/aportee2voix.fr\/#website\"},\"primaryImageOfPage\":{\"@id\":\"https:\/\/aportee2voix.fr\/index.php\/a-portee-de-noel\/#primaryimage\"},\"image\":{\"@id\":\"https:\/\/aportee2voix.fr\/index.php\/a-portee-de-noel\/#primaryimage\"},\"thumbnailUrl\":\"https:\/\/aportee2voix.fr\/wp-content\/uploads\/2025\/04\/AP2N-04-03-1.png\",\"datePublished\":\"2025-02-19T15:39:01+00:00\",\"dateModified\":\"2025-12-12T16:21:02+00:00\",\"description\":\"Spectacle - A Port\u00e9e 2 No\u00ebl - Des mots pour l\u2019hiver - A Port\u00e9e 2 Voix vous propose 4 contes pour vos f\u00eates de fin d\u2019ann\u00e9e. Une Cr\u00e9ation 2025!\",\"breadcrumb\":{\"@id\":\"https:\/\/aportee2voix.fr\/index.php\/a-portee-de-noel\/#breadcrumb\"},\"inLanguage\":\"en-US\",\"potentialAction\":[{\"@type\":\"ReadAction\",\"target\":[\"https:\/\/aportee2voix.fr\/index.php\/a-portee-de-noel\/\"]}]},{\"@type\":\"ImageObject\",\"inLanguage\":\"en-US\",\"@id\":\"https:\/\/aportee2voix.fr\/index.php\/a-portee-de-noel\/#primaryimage\",\"url\":\"https:\/\/aportee2voix.fr\/wp-content\/uploads\/2025\/04\/AP2N-04-03-1.png\",\"contentUrl\":\"https:\/\/aportee2voix.fr\/wp-content\/uploads\/2025\/04\/AP2N-04-03-1.png\",\"width\":2033,\"height\":1048},{\"@type\":\"BreadcrumbList\",\"@id\":\"https:\/\/aportee2voix.fr\/index.php\/a-portee-de-noel\/#breadcrumb\",\"itemListElement\":[{\"@type\":\"ListItem\",\"position\":1,\"name\":\"Accueil\",\"item\":\"https:\/\/aportee2voix.fr\/\"},{\"@type\":\"ListItem\",\"position\":2,\"name\":\"A Port\u00e9e 2 No\u00ebl\"}]},{\"@type\":\"WebSite\",\"@id\":\"https:\/\/aportee2voix.fr\/#website\",\"url\":\"https:\/\/aportee2voix.fr\/\",\"name\":\"A Port\u00e9e 2 Voix\",\"description\":\"Mots en Chair et en Notes !\",\"publisher\":{\"@id\":\"https:\/\/aportee2voix.fr\/#organization\"},\"potentialAction\":[{\"@type\":\"SearchAction\",\"target\":{\"@type\":\"EntryPoint\",\"urlTemplate\":\"https:\/\/aportee2voix.fr\/?s={search_term_string}\"},\"query-input\":{\"@type\":\"PropertyValueSpecification\",\"valueRequired\":true,\"valueName\":\"search_term_string\"}}],\"inLanguage\":\"en-US\"},{\"@type\":\"Organization\",\"@id\":\"https:\/\/aportee2voix.fr\/#organization\",\"name\":\"A Port\u00e9e 2 Voix\",\"url\":\"https:\/\/aportee2voix.fr\/\",\"logo\":{\"@type\":\"ImageObject\",\"inLanguage\":\"en-US\",\"@id\":\"https:\/\/aportee2voix.fr\/#\/schema\/logo\/image\/\",\"url\":\"https:\/\/aportee2voix.fr\/wp-content\/uploads\/2025\/02\/cropped-Affiche-AP2V-01-01-1.png\",\"contentUrl\":\"https:\/\/aportee2voix.fr\/wp-content\/uploads\/2025\/02\/cropped-Affiche-AP2V-01-01-1.png\",\"width\":1246,\"height\":410,\"caption\":\"A Port\u00e9e 2 Voix\"},\"image\":{\"@id\":\"https:\/\/aportee2voix.fr\/#\/schema\/logo\/image\/\"}}]}<\/script>\n<!-- \/ Yoast SEO plugin. -->","yoast_head_json":{"title":"A Port\u00e9e 2 No\u00ebl - A Port\u00e9e 2 Voix","description":"Spectacle - A Port\u00e9e 2 No\u00ebl - Des mots pour l\u2019hiver - A Port\u00e9e 2 Voix vous propose 4 contes pour vos f\u00eates de fin d\u2019ann\u00e9e. Une Cr\u00e9ation 2025!","robots":{"index":"index","follow":"follow","max-snippet":"max-snippet:-1","max-image-preview":"max-image-preview:large","max-video-preview":"max-video-preview:-1"},"canonical":"https:\/\/aportee2voix.fr\/index.php\/a-portee-de-noel\/","og_locale":"en_US","og_type":"article","og_title":"A Port\u00e9e 2 No\u00ebl - A Port\u00e9e 2 Voix","og_description":"Spectacle - A Port\u00e9e 2 No\u00ebl - Des mots pour l\u2019hiver - A Port\u00e9e 2 Voix vous propose 4 contes pour vos f\u00eates de fin d\u2019ann\u00e9e. Une Cr\u00e9ation 2025!","og_url":"https:\/\/aportee2voix.fr\/index.php\/a-portee-de-noel\/","og_site_name":"A Port\u00e9e 2 Voix","article_modified_time":"2025-12-12T16:21:02+00:00","og_image":[{"width":2033,"height":1048,"url":"http:\/\/aportee2voix.fr\/wp-content\/uploads\/2025\/04\/AP2N-04-03-1.png","type":"image\/png"}],"twitter_card":"summary_large_image","twitter_misc":{"Est. reading time":"1 minute"},"schema":{"@context":"https:\/\/schema.org","@graph":[{"@type":"WebPage","@id":"https:\/\/aportee2voix.fr\/index.php\/a-portee-de-noel\/","url":"https:\/\/aportee2voix.fr\/index.php\/a-portee-de-noel\/","name":"A Port\u00e9e 2 No\u00ebl - A Port\u00e9e 2 Voix","isPartOf":{"@id":"https:\/\/aportee2voix.fr\/#website"},"primaryImageOfPage":{"@id":"https:\/\/aportee2voix.fr\/index.php\/a-portee-de-noel\/#primaryimage"},"image":{"@id":"https:\/\/aportee2voix.fr\/index.php\/a-portee-de-noel\/#primaryimage"},"thumbnailUrl":"https:\/\/aportee2voix.fr\/wp-content\/uploads\/2025\/04\/AP2N-04-03-1.png","datePublished":"2025-02-19T15:39:01+00:00","dateModified":"2025-12-12T16:21:02+00:00","description":"Spectacle - A Port\u00e9e 2 No\u00ebl - Des mots pour l\u2019hiver - A Port\u00e9e 2 Voix vous propose 4 contes pour vos f\u00eates de fin d\u2019ann\u00e9e. Une Cr\u00e9ation 2025!","breadcrumb":{"@id":"https:\/\/aportee2voix.fr\/index.php\/a-portee-de-noel\/#breadcrumb"},"inLanguage":"en-US","potentialAction":[{"@type":"ReadAction","target":["https:\/\/aportee2voix.fr\/index.php\/a-portee-de-noel\/"]}]},{"@type":"ImageObject","inLanguage":"en-US","@id":"https:\/\/aportee2voix.fr\/index.php\/a-portee-de-noel\/#primaryimage","url":"https:\/\/aportee2voix.fr\/wp-content\/uploads\/2025\/04\/AP2N-04-03-1.png","contentUrl":"https:\/\/aportee2voix.fr\/wp-content\/uploads\/2025\/04\/AP2N-04-03-1.png","width":2033,"height":1048},{"@type":"BreadcrumbList","@id":"https:\/\/aportee2voix.fr\/index.php\/a-portee-de-noel\/#breadcrumb","itemListElement":[{"@type":"ListItem","position":1,"name":"Accueil","item":"https:\/\/aportee2voix.fr\/"},{"@type":"ListItem","position":2,"name":"A Port\u00e9e 2 No\u00ebl"}]},{"@type":"WebSite","@id":"https:\/\/aportee2voix.fr\/#website","url":"https:\/\/aportee2voix.fr\/","name":"A Port\u00e9e 2 Voix","description":"Mots en Chair et en Notes !","publisher":{"@id":"https:\/\/aportee2voix.fr\/#organization"},"potentialAction":[{"@type":"SearchAction","target":{"@type":"EntryPoint","urlTemplate":"https:\/\/aportee2voix.fr\/?s={search_term_string}"},"query-input":{"@type":"PropertyValueSpecification","valueRequired":true,"valueName":"search_term_string"}}],"inLanguage":"en-US"},{"@type":"Organization","@id":"https:\/\/aportee2voix.fr\/#organization","name":"A Port\u00e9e 2 Voix","url":"https:\/\/aportee2voix.fr\/","logo":{"@type":"ImageObject","inLanguage":"en-US","@id":"https:\/\/aportee2voix.fr\/#\/schema\/logo\/image\/","url":"https:\/\/aportee2voix.fr\/wp-content\/uploads\/2025\/02\/cropped-Affiche-AP2V-01-01-1.png","contentUrl":"https:\/\/aportee2voix.fr\/wp-content\/uploads\/2025\/02\/cropped-Affiche-AP2V-01-01-1.png","width":1246,"height":410,"caption":"A Port\u00e9e 2 Voix"},"image":{"@id":"https:\/\/aportee2voix.fr\/#\/schema\/logo\/image\/"}}]}},"_links":{"self":[{"href":"https:\/\/aportee2voix.fr\/index.php\/wp-json\/wp\/v2\/pages\/16","targetHints":{"allow":["GET"]}}],"collection":[{"href":"https:\/\/aportee2voix.fr\/index.php\/wp-json\/wp\/v2\/pages"}],"about":[{"href":"https:\/\/aportee2voix.fr\/index.php\/wp-json\/wp\/v2\/types\/page"}],"author":[{"embeddable":true,"href":"https:\/\/aportee2voix.fr\/index.php\/wp-json\/wp\/v2\/users\/1"}],"replies":[{"embeddable":true,"href":"https:\/\/aportee2voix.fr\/index.php\/wp-json\/wp\/v2\/comments?post=16"}],"version-history":[{"count":107,"href":"https:\/\/aportee2voix.fr\/index.php\/wp-json\/wp\/v2\/pages\/16\/revisions"}],"predecessor-version":[{"id":1422,"href":"https:\/\/aportee2voix.fr\/index.php\/wp-json\/wp\/v2\/pages\/16\/revisions\/1422"}],"wp:featuredmedia":[{"embeddable":true,"href":"https:\/\/aportee2voix.fr\/index.php\/wp-json\/wp\/v2\/media\/1175"}],"wp:attachment":[{"href":"https:\/\/aportee2voix.fr\/index.php\/wp-json\/wp\/v2\/media?parent=16"}],"curies":[{"name":"wp","href":"https:\/\/api.w.org\/{rel}","templated":true}]}}